{"id":11,"date":"2022-05-13T12:14:52","date_gmt":"2022-05-13T12:14:52","guid":{"rendered":"http:\/\/expocanning.com.ar\/?page_id=11"},"modified":"2026-05-08T20:59:00","modified_gmt":"2026-05-08T20:59:00","slug":"inicio","status":"publish","type":"page","link":"https:\/\/expocanning.com.ar\/","title":{"rendered":"Inicio"},"content":{"rendered":"<p>[et_pb_section fb_built=&#8221;1&#8243; _builder_version=&#8221;4.27.4&#8243; _module_preset=&#8221;default&#8221; background_color=&#8221;#FFFFFF&#8221; background_image=&#8221;https:\/\/expocanning.com.ar\/wp-content\/uploads\/2026\/02\/fondo-con-mas-cielo-scaled.jpg&#8221; background_size=&#8221;contain&#8221; min_height=&#8221;1000px&#8221; height=&#8221;1000px&#8221; max_height=&#8221;1000px&#8221; custom_margin=&#8221;0px||||false|false&#8221; custom_padding=&#8221;0px||0px||false|false&#8221; global_colors_info=&#8221;{}&#8221;][et_pb_row _builder_version=&#8221;4.27.4&#8243; _module_preset=&#8221;default&#8221; custom_margin=&#8221;0px||0px||false|false&#8221; custom_padding=&#8221;0px||||false|false&#8221; global_colors_info=&#8221;{}&#8221;][et_pb_column type=&#8221;4_4&#8243; _builder_version=&#8221;4.27.4&#8243; _module_preset=&#8221;default&#8221; global_colors_info=&#8221;{}&#8221;][et_pb_image src=&#8221;https:\/\/expocanning.com.ar\/wp-content\/uploads\/2026\/02\/LOGOS-EC-2026-01.png&#8221; title_text=&#8221;LOGOS EC 2026-01&#8243; _builder_version=&#8221;4.27.4&#8243; _module_preset=&#8221;default&#8221; width=&#8221;42%&#8221; width_tablet=&#8221;40%&#8221; width_phone=&#8221;300px&#8221; width_last_edited=&#8221;on|desktop&#8221; max_width=&#8221;44%&#8221; max_width_tablet=&#8221;42%&#8221; max_width_phone=&#8221;300px&#8221; max_width_last_edited=&#8221;on|phone&#8221; module_alignment=&#8221;center&#8221; custom_margin=&#8221;0px|0px|0px|0px|false|false&#8221; custom_padding=&#8221;0px|0px|0px|0px|false|false&#8221; global_colors_info=&#8221;{}&#8221;][\/et_pb_image][et_pb_image src=&#8221;https:\/\/expocanning.com.ar\/wp-content\/uploads\/2026\/02\/logo-cercana-oficial.png&#8221; title_text=&#8221;logo cercana oficial&#8221; _builder_version=&#8221;4.27.4&#8243; _module_preset=&#8221;default&#8221; width=&#8221;18%&#8221; width_tablet=&#8221;24%&#8221; width_phone=&#8221;200px&#8221; width_last_edited=&#8221;on|phone&#8221; max_width=&#8221;17%&#8221; max_width_tablet=&#8221;25%&#8221; max_width_phone=&#8221;200px&#8221; max_width_last_edited=&#8221;on|phone&#8221; module_alignment=&#8221;center&#8221; custom_margin=&#8221;0px|0px|0px|0px|false|false&#8221; custom_padding=&#8221;0px|0px|0px|0px|false|false&#8221; global_colors_info=&#8221;{}&#8221;][\/et_pb_image][et_pb_text admin_label=&#8221;Text&#8221; _builder_version=&#8221;4.27.4&#8243; _module_preset=&#8221;default&#8221; text_font=&#8221;Abel||||||||&#8221; text_text_color=&#8221;#FFFFFF&#8221; text_font_size=&#8221;17px&#8221; text_line_height=&#8221;0.8em&#8221; header_font=&#8221;Roboto||||||||&#8221; header_text_align=&#8221;center&#8221; header_font_size=&#8221;23px&#8221; header_2_font=&#8221;Roboto Slab|700|on||||||&#8221; header_2_text_color=&#8221;#FFFFFF&#8221; header_2_font_size=&#8221;50px&#8221; header_3_font=&#8221;Montserrat|700|||||||&#8221; header_3_text_color=&#8221;gcid-ec2b3278-7cb6-4073-a37a-f3e4187915fe&#8221; header_3_font_size=&#8221;45px&#8221; background_color=&#8221;rgba(255,255,255,0)&#8221; custom_margin=&#8221;||0px||false|false&#8221; custom_margin_tablet=&#8221;||0px||false|false&#8221; custom_margin_phone=&#8221;16px||||false|false&#8221; custom_margin_last_edited=&#8221;on|phone&#8221; custom_padding=&#8221;10px|0px||0px|false|true&#8221; custom_padding_tablet=&#8221;|100px||100px|false|true&#8221; custom_padding_phone=&#8221;|0px||0px|false|true&#8221; custom_padding_last_edited=&#8221;on|desktop&#8221; header_font_size_tablet=&#8221;37px&#8221; header_font_size_phone=&#8221;25px&#8221; header_font_size_last_edited=&#8221;on|phone&#8221; header_2_font_size_tablet=&#8221;50px&#8221; header_2_font_size_phone=&#8221;30px&#8221; header_2_font_size_last_edited=&#8221;on|phone&#8221; header_4_font_size_tablet=&#8221;&#8221; header_4_font_size_phone=&#8221;20px&#8221; header_4_font_size_last_edited=&#8221;on|phone&#8221; border_radii=&#8221;on|19px|19px|19px|19px&#8221; global_colors_info=&#8221;{%22gcid-ec2b3278-7cb6-4073-a37a-f3e4187915fe%22:%91%22header_3_text_color%22%93}&#8221;]<\/p>\n<h1>2, 3, 4 DE OCTUBRE 2026<\/h1>\n<p>[\/et_pb_text][et_pb_divider show_divider=&#8221;off&#8221; _builder_version=&#8221;4.27.4&#8243; _module_preset=&#8221;default&#8221; custom_margin=&#8221;100px||200px||false|false&#8221; custom_margin_tablet=&#8221;100px||200px||false|false&#8221; custom_margin_phone=&#8221;||57px||false|false&#8221; custom_margin_last_edited=&#8221;on|phone&#8221; custom_padding_tablet=&#8221;&#8221; custom_padding_phone=&#8221;&#8221; custom_padding_last_edited=&#8221;on|phone&#8221; global_colors_info=&#8221;{}&#8221;][\/et_pb_divider][et_pb_text _builder_version=&#8221;4.27.4&#8243; _module_preset=&#8221;default&#8221; header_font=&#8221;Abel||||||||&#8221; header_2_font=&#8221;Roboto|700|||||||&#8221; header_2_text_color=&#8221;#FFFFFF&#8221; header_2_font_size=&#8221;45px&#8221; header_2_font_size_tablet=&#8221;45px&#8221; header_2_font_size_phone=&#8221;35px&#8221; header_2_font_size_last_edited=&#8221;on|desktop&#8221; header_2_text_shadow_style=&#8221;preset1&#8243; global_colors_info=&#8221;{}&#8221;]<\/p>\n<p style=\"text-align: center;\"><strong style=\"font-size: 14px;\"><span style=\"color: #808080;\"><span style=\"caret-color: #000000;\">UBICACI\u00d3N: <br \/>RUTA 58 , KM 7, CANNING, EZEIZA<\/span><\/span><\/strong><\/p>\n<p style=\"text-align: center;\"><strong><span style=\"color: #808080;\"><span style=\"font-size: 16px; color: #ff6600;\"><span style=\"color: #003300;\">HORARIOS:<br \/>VIERNES DE 14 A 21 HS. \/ S\u00c1BADO Y DOMINGO DE 10 A 21 HS.<\/span><\/span><\/span><\/strong><\/p>\n<p style=\"text-align: center;\"><strong><span style=\"color: #808080;\"><span style=\"font-size: 16px; color: #ff6600;\">ENTRADA LIBRE Y GRATUITA<\/span><\/span><\/strong><\/p>\n<p>[\/et_pb_text][et_pb_heading title=&#8221;LA EXPO M\u00c1S REPRESENTATIVA DE CANNING&#8221; _builder_version=&#8221;4.27.4&#8243; _module_preset=&#8221;default&#8221; title_font=&#8221;Montserrat|700|||||||&#8221; title_text_align=&#8221;center&#8221; title_font_size=&#8221;34px&#8221; global_colors_info=&#8221;{}&#8221;][\/et_pb_heading][et_pb_text _builder_version=&#8221;4.27.4&#8243; _module_preset=&#8221;default&#8221; text_font_size=&#8221;17px&#8221; text_orientation=&#8221;center&#8221; global_colors_info=&#8221;{}&#8221;]<\/p>\n<p style=\"padding-left: 40px; text-align: center;\">ARQUITECTURA &#8211; CONSTRUCCI\u00d3N &#8211; DESARROLLO URBANO &#8211; EQUIPAMIENTO &#8211; DECORACI\u00d3N<\/p>\n<p>M\u00e1s de 100 expositores<br \/>4.000 metros cuadrados de exposici\u00f3n interior<br \/>10.000 metros cuadrados de exposici\u00f3n exterior<br \/>Sector gastron\u00f3mico &#8211; Estacionamiento interno.<\/p>\n<p style=\"padding-left: 40px; text-align: center;\">\n<p>[\/et_pb_text][dipl_modal modal_id=&#8221;modal&#8221; trigger_button_text=&#8221;Ver master plan 2026&#8243; show_modal_title=&#8221;off&#8221; show_footer=&#8221;off&#8221; modal_content_type=&#8221;image&#8221; modal_content_image=&#8221;https:\/\/expocanning.com.ar\/wp-content\/uploads\/2026\/05\/Captura-de-pantalla-2026-05-08-a-las-5.55.51-p.-m.png&#8221; _builder_version=&#8221;4.27.4&#8243; _module_preset=&#8221;default&#8221; modal_title_text_font=&#8221;|300|||||||&#8221; modal_title_text_text_align=&#8221;center&#8221; modal_title_text_text_color=&#8221;#ffffff&#8221; custom_trigger_button=&#8221;on&#8221; trigger_button_text_size=&#8221;26px&#8221; trigger_button_text_color=&#8221;#FFFFFF&#8221; trigger_button_bg_color=&#8221;#024c00&#8243; trigger_button_border_width=&#8221;0px&#8221; trigger_button_border_radius=&#8221;4px&#8221; trigger_button_use_icon=&#8221;off&#8221; custom_close_button=&#8221;on&#8221; close_button_text_color=&#8221;#E09900&#8243; close_button_bg_color=&#8221;#E09900&#8243; close_button_border_color=&#8221;#E09900&#8243; text_orientation=&#8221;center&#8221; modal_width=&#8221;100%&#8221; modal_height=&#8221;100%&#8221; hover_enabled=&#8221;0&#8243; global_colors_info=&#8221;{%22gcid-fb53e20f-7347-4934-aff5-f99ed620db64%22:%91%22trigger_button_bg_color__hover%22%93}&#8221; trigger_button_bg_color__hover_enabled=&#8221;on|hover&#8221; trigger_button_bg_color__hover=&#8221;#138437&#8243; trigger_button_bg_enable_color__hover=&#8221;on&#8221; trigger_button_text_color__hover_enabled=&#8221;on|hover&#8221; trigger_button_text_color__hover=&#8221;#FFFFFF&#8221; title_text=&#8221;Captura de pantalla 2026-05-08 a la(s) 5.55.51\u202fp.\u00a0m.&#8221; sticky_enabled=&#8221;0&#8243;][\/dipl_modal][\/et_pb_column][\/et_pb_row][et_pb_row column_structure=&#8221;1_3,1_3,1_3&#8243; _builder_version=&#8221;4.27.4&#8243; _module_preset=&#8221;default&#8221; custom_margin=&#8221;||20px||false|false&#8221; custom_padding=&#8221;||20px||false|false&#8221; global_colors_info=&#8221;{}&#8221;][et_pb_column type=&#8221;1_3&#8243; _builder_version=&#8221;4.27.4&#8243; _module_preset=&#8221;default&#8221; global_colors_info=&#8221;{}&#8221;][et_pb_image src=&#8221;https:\/\/expocanning.com.ar\/wp-content\/uploads\/2025\/08\/DJI_0700-scaled.jpg&#8221; title_text=&#8221;DCIM101MEDIADJI_0700.JPG&#8221; _builder_version=&#8221;4.27.4&#8243; _module_preset=&#8221;default&#8221; custom_margin=&#8221;0px|0px|0px|0px|false|false&#8221; custom_padding=&#8221;0px|0px|0px|0px|false|false&#8221; global_colors_info=&#8221;{}&#8221;][\/et_pb_image][\/et_pb_column][et_pb_column type=&#8221;1_3&#8243; _builder_version=&#8221;4.27.4&#8243; _module_preset=&#8221;default&#8221; global_colors_info=&#8221;{}&#8221;][et_pb_image src=&#8221;https:\/\/expocanning.com.ar\/wp-content\/uploads\/2025\/08\/DJI_0680-scaled.jpg&#8221; title_text=&#8221;DCIM101MEDIADJI_0680.JPG&#8221; _builder_version=&#8221;4.27.4&#8243; _module_preset=&#8221;default&#8221; global_colors_info=&#8221;{}&#8221;][\/et_pb_image][\/et_pb_column][et_pb_column type=&#8221;1_3&#8243; _builder_version=&#8221;4.27.4&#8243; _module_preset=&#8221;default&#8221; global_colors_info=&#8221;{}&#8221;][et_pb_image src=&#8221;https:\/\/expocanning.com.ar\/wp-content\/uploads\/2025\/08\/DJI_0734-scaled.jpg&#8221; title_text=&#8221;DCIM101MEDIADJI_0734.JPG&#8221; _builder_version=&#8221;4.27.4&#8243; _module_preset=&#8221;default&#8221; global_colors_info=&#8221;{}&#8221;][\/et_pb_image][\/et_pb_column][\/et_pb_row][\/et_pb_section][et_pb_section fb_built=&#8221;1&#8243; module_id=&#8221;sponsors&#8221; module_class=&#8221;sponsors&#8221; _builder_version=&#8221;4.27.4&#8243; _module_preset=&#8221;default&#8221; background_color=&#8221;#FFFFFF&#8221; custom_padding=&#8221;22px||23px|||&#8221; global_colors_info=&#8221;{}&#8221;][et_pb_row module_id=&#8221;expositores&#8221; module_class=&#8221;expositores&#8221; _builder_version=&#8221;4.27.4&#8243; _module_preset=&#8221;default&#8221; min_height=&#8221;100px&#8221; height=&#8221;100px&#8221; max_height=&#8221;100px&#8221; custom_margin=&#8221;||0px||false|false&#8221; global_colors_info=&#8221;{}&#8221;][et_pb_column type=&#8221;4_4&#8243; _builder_version=&#8221;4.17.4&#8243; _module_preset=&#8221;default&#8221; global_colors_info=&#8221;{}&#8221;][dipl_separator separator_color=&#8221;#E09900&#8243; _builder_version=&#8221;4.27.4&#8243; _module_preset=&#8221;default&#8221; custom_margin=&#8221;20px||||false|false&#8221; global_colors_info=&#8221;{}&#8221;][\/dipl_separator][et_pb_text _builder_version=&#8221;4.27.4&#8243; _module_preset=&#8221;default&#8221; custom_margin=&#8221;||30px||false|false&#8221; global_colors_info=&#8221;{}&#8221;]<\/p>\n<p style=\"text-align: center;\">Muy pronto actualizaremos los expositores 2026<\/p>\n<p>[\/et_pb_text][\/et_pb_column][\/et_pb_row][\/et_pb_section][et_pb_section fb_built=&#8221;1&#8243; _builder_version=&#8221;4.27.4&#8243; _module_preset=&#8221;default&#8221; min_height=&#8221;500px&#8221; height=&#8221;600px&#8221; max_height=&#8221;600px&#8221; custom_padding=&#8221;2px|||||&#8221; global_colors_info=&#8221;{}&#8221;][et_pb_row _builder_version=&#8221;4.27.4&#8243; _module_preset=&#8221;default&#8221; global_colors_info=&#8221;{}&#8221;][et_pb_column type=&#8221;4_4&#8243; _builder_version=&#8221;4.27.4&#8243; _module_preset=&#8221;default&#8221; global_colors_info=&#8221;{}&#8221;][et_pb_heading title=&#8221;22 A\u00d1OS REFLEJANDO EL CRECIMIENTO DE CANNING&#8221; _builder_version=&#8221;4.27.4&#8243; _module_preset=&#8221;default&#8221; title_font=&#8221;Montserrat|700|||||||&#8221; title_text_align=&#8221;center&#8221; title_font_size=&#8221;21px&#8221; global_colors_info=&#8221;{}&#8221;][\/et_pb_heading][et_pb_text _builder_version=&#8221;4.27.4&#8243; _module_preset=&#8221;default&#8221; text_font_size=&#8221;17px&#8221; text_letter_spacing=&#8221;1px&#8221; text_line_height=&#8221;1.8em&#8221; global_colors_info=&#8221;{}&#8221;]<\/p>\n<p class=\"p1\" style=\"text-align: center;\">Canning es una amplia zona que abarca Esteban Echeverr\u00eda, Ezeiza, Presidente Per\u00f3n y San Vicente. A lo largo de sus corredores verdes Canning &#8211; San Vicente (por las rutas 52 y 58) y Canning &#8211; Ca\u00f1uelas (por la autopista Ezeiza-Ca\u00f1uelas) se concentra el mayor polo de desarrollo urbano del sur de Buenos Aires.<\/p>\n<p class=\"p1\" style=\"text-align: center;\">Desde 2004 hasta 2015 Expo Canning mostr\u00f3 y difundi\u00f3 desarrollo urbano de Canning, en cada una de sus ediciones. Despu\u00e9s de la pandemia, cre\u00edmos que era momento de volver a encontrarnos y decidimos re-lanzar Expo Canning, que se perfil\u00f3 como el referente y la vidriera de la arquitectura, construcci\u00f3n y desarrollo de la zona. Pero sobre todo, \u201cla expo\u201d se convirti\u00f3 en el punto de encuentro anual de una comunidad que no deja de avanzar.<\/p>\n<p>[\/et_pb_text][et_pb_image src=&#8221;https:\/\/expocanning.com.ar\/wp-content\/uploads\/2026\/02\/Captura-de-pantalla-2026-02-09-a-las-7.00.18-p.-m.png&#8221; title_text=&#8221;Captura de pantalla 2026-02-09 a la(s) 7.00.18\u202fp. m.&#8221; _builder_version=&#8221;4.27.4&#8243; _module_preset=&#8221;default&#8221; width=&#8221;71%&#8221; module_alignment=&#8221;center&#8221; global_colors_info=&#8221;{}&#8221;][\/et_pb_image][\/et_pb_column][\/et_pb_row][\/et_pb_section][et_pb_section fb_built=&#8221;1&#8243; module_id=&#8221;nosotros&#8221; module_class=&#8221;nosotros&#8221; _builder_version=&#8221;4.27.4&#8243; _module_preset=&#8221;default&#8221; background_color=&#8221;#FFFFFF&#8221; background_enable_image=&#8221;off&#8221; background_position=&#8221;bottom_center&#8221; custom_margin=&#8221;||0px||false|false&#8221; custom_padding=&#8221;||98px|||&#8221; global_colors_info=&#8221;{}&#8221;][et_pb_row _builder_version=&#8221;4.27.4&#8243; _module_preset=&#8221;default&#8221; global_colors_info=&#8221;{}&#8221;][et_pb_column type=&#8221;4_4&#8243; _builder_version=&#8221;4.27.4&#8243; _module_preset=&#8221;default&#8221; global_colors_info=&#8221;{}&#8221;][et_pb_heading title=&#8221;Qui\u00e9nes somos&#8221; _builder_version=&#8221;4.27.4&#8243; _module_preset=&#8221;default&#8221; title_font=&#8221;Montserrat|700|||||||&#8221; title_text_align=&#8221;center&#8221; title_font_size=&#8221;28px&#8221; custom_margin=&#8221;30px||0px||false|false&#8221; global_colors_info=&#8221;{}&#8221;][\/et_pb_heading][\/et_pb_column][\/et_pb_row][et_pb_row column_structure=&#8221;1_3,1_3,1_3&#8243; _builder_version=&#8221;4.27.4&#8243; _module_preset=&#8221;default&#8221; width=&#8221;92%&#8221; custom_margin=&#8221;0px||||false|false&#8221; custom_padding=&#8221;0px||||false|false&#8221; global_colors_info=&#8221;{}&#8221;][et_pb_column type=&#8221;1_3&#8243; _builder_version=&#8221;4.27.4&#8243; _module_preset=&#8221;default&#8221; global_colors_info=&#8221;{}&#8221;][et_pb_blurb title=&#8221;JUAN MANUEL DIAS DA SILVA&#8221; image=&#8221;https:\/\/expocanning.com.ar\/wp-content\/uploads\/2025\/08\/fa46abfd-dcdf-45e8-bc36-ab4c32aa8974.jpg&#8221; _builder_version=&#8221;4.27.4&#8243; _module_preset=&#8221;default&#8221; global_colors_info=&#8221;{}&#8221;]<\/p>\n<p style=\"text-align: justify;\"><span><em>CEO y Organizador General de ExpoCanning<\/em><\/span><\/p>\n<p style=\"text-align: justify;\">Es organizador de eventos profesional y hace m\u00e1s de 25 a\u00f1os que gerencia Andorinha, el sal\u00f3n de eventos m\u00e1s importante de Canning.<br \/>Siempre partici\u00f3 activamente en acciones corporativas en pos del desarrollo de la zona. En 2004 realiz\u00f3 la primera Expocanning.<\/p>\n<p style=\"text-align: justify;\"><span>&#8220;Canning tiene un enorme potencial como polo de desarrollo urbano y es necesario mostrarlo. Expo Canning vuelve para ser la \u00a0mejor vidriera de emprendimientos, profesionales y equipamiento de la zona sur&#8221; \u00a0<\/span><\/p>\n<p>[\/et_pb_blurb][\/et_pb_column][et_pb_column type=&#8221;1_3&#8243; _builder_version=&#8221;4.27.4&#8243; _module_preset=&#8221;default&#8221; global_colors_info=&#8221;{}&#8221;][et_pb_blurb title=&#8221;SILVINA VIGNOLO&#8221; image=&#8221;https:\/\/expocanning.com.ar\/wp-content\/uploads\/2025\/08\/IMG_2462.jpg&#8221; _builder_version=&#8221;4.27.4&#8243; _module_preset=&#8221;default&#8221; global_colors_info=&#8221;{}&#8221;]<\/p>\n<p style=\"text-align: justify;\"><span><em>Comunicacion y gesti\u00f3n de ventas de Expo Canning<\/em><\/span><\/p>\n<p style=\"text-align: justify;\"><span>Es Licenciada en Comunicaci\u00f3n Social y Publicidad y siempre trabaj\u00f3 en medios y comunicaci\u00f3n corporativa especializada en desarrollo urbano y social.<br \/>Hoy dirige GoCanning, una agencia que difunde el desarrollo local, el crecimiento sustentable y la responsabilidad social.<\/span><\/p>\n<p style=\"text-align: justify;\">&#8220;Hace muchos a\u00f1os que trabajamos juntos con Juan y compartimos el concepto de que a Canning lo hacemos entre todos&#8221;<\/p>\n<p>[\/et_pb_blurb][\/et_pb_column][et_pb_column type=&#8221;1_3&#8243; _builder_version=&#8221;4.27.4&#8243; _module_preset=&#8221;default&#8221; global_colors_info=&#8221;{}&#8221;][et_pb_blurb title=&#8221;MARIELA FERNANDEZ RIQUEL&#8221; image=&#8221;https:\/\/expocanning.com.ar\/wp-content\/uploads\/2025\/08\/WhatsApp-Image-2025-08-11-at-17.58.27.jpg&#8221; _builder_version=&#8221;4.27.4&#8243; _module_preset=&#8221;default&#8221; global_colors_info=&#8221;{}&#8221;]<\/p>\n<p style=\"text-align: justify;\"><span><em>Contadur\u00eda y Administraci\u00f3n Expo Canning<\/em><\/span><\/p>\n<p style=\"text-align: justify;\"><span>Es Contadora P\u00fablica Nacional. Naci\u00f3, crecio y sigue viviendo en Monte Grande, de modo que fue testigo del crecimiento de Canning.<br \/>Entre su porfolio de clientes tiene muchas empresas de la zona y es, desde los inicios de Expo Canning, una pieza fundamental del engranaje de la organizaci\u00f3n.\u00a0<\/span><\/p>\n<p style=\"text-align: justify;\"><span><\/span><\/p>\n<p>[\/et_pb_blurb][\/et_pb_column][\/et_pb_row][et_pb_row column_structure=&#8221;1_2,1_2&#8243; _builder_version=&#8221;4.27.4&#8243; _module_preset=&#8221;default&#8221; width=&#8221;38%&#8221; global_colors_info=&#8221;{}&#8221;][et_pb_column type=&#8221;1_2&#8243; _builder_version=&#8221;4.27.4&#8243; _module_preset=&#8221;default&#8221; global_colors_info=&#8221;{}&#8221;][et_pb_blurb title=&#8221;Ferm\u00edn Bulacio&#8221; image=&#8221;https:\/\/expocanning.com.ar\/wp-content\/uploads\/2025\/08\/IMG_2474.jpg&#8221; _builder_version=&#8221;4.27.4&#8243; _module_preset=&#8221;default&#8221; header_text_align=&#8221;center&#8221; global_colors_info=&#8221;{}&#8221;]<\/p>\n<p style=\"text-align: center;\">Depto de Ventas Expo Canning<\/p>\n<p>[\/et_pb_blurb][\/et_pb_column][et_pb_column type=&#8221;1_2&#8243; _builder_version=&#8221;4.27.4&#8243; _module_preset=&#8221;default&#8221; global_colors_info=&#8221;{}&#8221;][et_pb_blurb title=&#8221;Valeria D\u00b4Antiochia&#8221; image=&#8221;https:\/\/expocanning.com.ar\/wp-content\/uploads\/2025\/03\/PHOTO-2025-03-10-18-47-06-e1754952392508.jpg&#8221; _builder_version=&#8221;4.27.4&#8243; _module_preset=&#8221;default&#8221; header_text_align=&#8221;center&#8221; global_colors_info=&#8221;{}&#8221;]<\/p>\n<p style=\"text-align: center;\">Depto de Ventas Expo Canning<\/p>\n<p>[\/et_pb_blurb][\/et_pb_column][\/et_pb_row][et_pb_row _builder_version=&#8221;4.27.4&#8243; _module_preset=&#8221;default&#8221; width=&#8221;16%&#8221; global_colors_info=&#8221;{}&#8221;][et_pb_column type=&#8221;4_4&#8243; _builder_version=&#8221;4.27.4&#8243; _module_preset=&#8221;default&#8221; global_colors_info=&#8221;{}&#8221;][et_pb_blurb title=&#8221;Carmela Boltshausser&#8221; image=&#8221;https:\/\/expocanning.com.ar\/wp-content\/uploads\/2025\/08\/WhatsApp-Image-2025-07-29-at-14.04.09.jpg&#8221; _builder_version=&#8221;4.27.4&#8243; _module_preset=&#8221;default&#8221; header_text_align=&#8221;center&#8221; global_colors_info=&#8221;{}&#8221;]<\/p>\n<p style=\"text-align: center;\">Asistente de Comunicaci\u00f3n<\/p>\n<p>[\/et_pb_blurb][\/et_pb_column][\/et_pb_row][\/et_pb_section]<\/p>\n","protected":false},"excerpt":{"rendered":"<p>2, 3, 4 DE OCTUBRE 2026UBICACI\u00d3N: RUTA 58 , KM 7, CANNING, EZEIZA HORARIOS:VIERNES DE 14 A 21 HS. \/ S\u00c1BADO Y DOMINGO DE 10 A 21 HS. ENTRADA LIBRE Y GRATUITAARQUITECTURA &#8211; CONSTRUCCI\u00d3N &#8211; DESARROLLO URBANO &#8211; EQUIPAMIENTO &#8211; DECORACI\u00d3N M\u00e1s de 100 expositores4.000 metros cuadrados de exposici\u00f3n interior10.000 metros cuadrados de exposici\u00f3n exteriorSector [&hellip;]<\/p>\n","protected":false},"author":1,"featured_media":1294,"parent":0,"menu_order":0,"comment_status":"closed","ping_status":"closed","template":"","meta":{"_et_pb_use_builder":"on","_et_pb_old_content":"","_et_gb_content_width":"","footnotes":""},"class_list":["post-11","page","type-page","status-publish","has-post-thumbnail","hentry"],"_links":{"self":[{"href":"https:\/\/expocanning.com.ar\/index.php\/wp-json\/wp\/v2\/pages\/11","targetHints":{"allow":["GET"]}}],"collection":[{"href":"https:\/\/expocanning.com.ar\/index.php\/wp-json\/wp\/v2\/pages"}],"about":[{"href":"https:\/\/expocanning.com.ar\/index.php\/wp-json\/wp\/v2\/types\/page"}],"author":[{"embeddable":true,"href":"https:\/\/expocanning.com.ar\/index.php\/wp-json\/wp\/v2\/users\/1"}],"replies":[{"embeddable":true,"href":"https:\/\/expocanning.com.ar\/index.php\/wp-json\/wp\/v2\/comments?post=11"}],"version-history":[{"count":262,"href":"https:\/\/expocanning.com.ar\/index.php\/wp-json\/wp\/v2\/pages\/11\/revisions"}],"predecessor-version":[{"id":1538,"href":"https:\/\/expocanning.com.ar\/index.php\/wp-json\/wp\/v2\/pages\/11\/revisions\/1538"}],"wp:featuredmedia":[{"embeddable":true,"href":"https:\/\/expocanning.com.ar\/index.php\/wp-json\/wp\/v2\/media\/1294"}],"wp:attachment":[{"href":"https:\/\/expocanning.com.ar\/index.php\/wp-json\/wp\/v2\/media?parent=11"}],"curies":[{"name":"wp","href":"https:\/\/api.w.org\/{rel}","templated":true}]}}